{"id":1334,"date":"2026-02-19T17:42:58","date_gmt":"2026-02-19T17:42:58","guid":{"rendered":"https:\/\/udig.hr\/?page_id=1334"},"modified":"2026-02-19T18:11:41","modified_gmt":"2026-02-19T18:11:41","slug":"odgojno-obrazovni-rad-u-domu","status":"publish","type":"page","link":"https:\/\/udig.hr\/index.php\/odgojno-obrazovni-rad-u-domu\/","title":{"rendered":"Odgojno-obrazovni rad u Domu"},"content":{"rendered":"<div  class='flex_column av-28xp06-cb30f1498164312d6a60db981062f227 av_one_full  avia-builder-el-0  avia-builder-el-no-sibling  first flex_column_div  '     ><section  class='av_textblock_section av-mltr8u0p-f549633a0b80863a236210f98a8f9eab '   itemscope=\"itemscope\" itemtype=\"https:\/\/schema.org\/CreativeWork\" ><div class='avia_textblock'  itemprop=\"text\" ><p>U U\u010deni\u010dkom domu Ivani\u0107 Grad u\u010denici su raspore\u0111eni u pet odgojnih skupina. Svaku skupinu vodi jedna odgajateljica, a uz odgajateljice u odgojno-obrazovni rad aktivno su uklju\u010deni pedagoginja i ravnatelj.<\/p>\n<p>Odgojno-obrazovni rad usmjeren je na \u010detiri glavna podru\u010dja razvoja u\u010denika:<\/p>\n<p>\ud83e\ude7a <strong>\u010cuvanje i unaprje\u0111ivanje zdravlja<br \/>\n<\/strong>\ud83d\udcac <strong>Socio-emocionalno<\/strong><br \/>\n\ud83c\udfa8 <strong>Kreativno<\/strong><br \/>\n\ud83d\udcda <strong>Kognitivno<\/strong><\/p>\n<p>Odgojno-obrazovni djelatnici Doma svakodnevno provode odgojno-obrazovni rad, prate ocjene, izostanke i bilje\u0161ke u\u010denika u e-Dnevniku, poti\u010du i pru\u017eaju <strong>podr\u0161ku u\u010denicima u u\u010denju<\/strong>, sura\u0111uju s roditeljima, razrednicima i profesorima. U\u010denici u na\u0161em Domu posebno vole neograni\u010dene instrukcije iz Matematike, Fizike i Informatike!<\/p>\n<p>Odgojno-obrazovni djelatnici prate <strong>socio-emocionalni razvoj<\/strong> i prilagodbu u\u010denika te odgojno djeluju na na\u010din da se postigne uklju\u010denost i prihva\u0107enost svih u\u010denika. Svakodnevno razgovaraju s u\u010denicima, uo\u010davaju potencijalne pote\u0161ko\u0107e s kojima se u\u010denici nose, poti\u010du da otvoreno komuniciraju te da usvajanjem adaptivnih vje\u0161tina postignu otpornost i samostalnost u no\u0161enju sa stresom i problemima.<\/p>\n<p>S u\u010denicima se provode i razne <strong>kreativne aktivnosti<\/strong> \u2013 ure\u0111ivanje doma, izrada rukotvorina, recitatorske i dramske aktivnosti. Svaki mjesec organizira se odlazak u\u010denika na kazali\u0161nu predstavu, a vi\u0161e puta godi\u0161nje poha\u0111aju se razli\u010dite kulturno-umjetni\u010dke manifestacije u Zagrebu i drugim gradovima \u2013 Interliber, Advent, No\u0107 muzeja, Festival svjetlosti, Smotra sveu\u010dili\u0161ta, ali i druge aktivnosti ovisno o interesima u\u010denika.<\/p>\n<p>U\u010denike se redovito poti\u010de na <strong>odr\u017eavanje urednosti i higijene<\/strong> prostora u kojem \u017eive. Sprema\u010dice svakog tjedna brinu o higijeni prostora, posebno u\u010deni\u010dkih kupaonica, no odgovornost u\u010denika je da samostalno pospremaju svoje sobe, iznose sme\u0107e iz stana te da svaka dva tjedna promijene posteljinu. U\u010denike se poti\u010de i na usvajanje drugih zdravih navika poput redovne rekreacije, bavljenja sportom i zdravih prehrambenih navika.<\/p>\n<p>Tijekom \u0161kolske godine u Domu se organizira <strong>\u010ditav niz odgojno-obrazovnih aktivnosti<\/strong> kojima je cilj zadovoljiti razli\u010dite interese i potrebe u\u010denika, obogatiti \u017eivot u Domu te pru\u017eiti u\u010denicima prilike za iskustveno u\u010denje i usvajanje razli\u010ditih vje\u0161tina.<\/p>\n<p>Razvoj ovih podru\u010dja poti\u010de se u svakodnevnom radu s u\u010denicima putem uobi\u010dajenih dnevnih aktivnosti i razgovora, ali i unaprijed osmi\u0161ljenim, ciljanim radionicama, predavanjima i aktivnostima koje se provode u sklopu <em><a href=\"https:\/\/udig.hr\/index.php\/izborni-programi\/\">izbornih programa<\/a>, <a href=\"https:\/\/udig.hr\/index.php\/posebni-programi\/\">posebnih program<\/a>a <\/em>te<em><a href=\"https:\/\/udig.hr\/index.php\/ostale-aktivnosti-tijekom-godine\/\">ostalih aktivnosti tijekom godine<\/a><\/em>.<\/p>\n<\/div><\/section><\/div>\n","protected":false},"excerpt":{"rendered":"","protected":false},"author":1,"featured_media":0,"parent":0,"menu_order":0,"comment_status":"closed","ping_status":"closed","template":"","meta":{"footnotes":""},"class_list":["post-1334","page","type-page","status-publish","hentry"],"_links":{"self":[{"href":"https:\/\/udig.hr\/index.php\/wp-json\/wp\/v2\/pages\/1334","targetHints":{"allow":["GET"]}}],"collection":[{"href":"https:\/\/udig.hr\/index.php\/wp-json\/wp\/v2\/pages"}],"about":[{"href":"https:\/\/udig.hr\/index.php\/wp-json\/wp\/v2\/types\/page"}],"author":[{"embeddable":true,"href":"https:\/\/udig.hr\/index.php\/wp-json\/wp\/v2\/users\/1"}],"replies":[{"embeddable":true,"href":"https:\/\/udig.hr\/index.php\/wp-json\/wp\/v2\/comments?post=1334"}],"version-history":[{"count":5,"href":"https:\/\/udig.hr\/index.php\/wp-json\/wp\/v2\/pages\/1334\/revisions"}],"predecessor-version":[{"id":1358,"href":"https:\/\/udig.hr\/index.php\/wp-json\/wp\/v2\/pages\/1334\/revisions\/1358"}],"wp:attachment":[{"href":"https:\/\/udig.hr\/index.php\/wp-json\/wp\/v2\/media?parent=1334"}],"curies":[{"name":"wp","href":"https:\/\/api.w.org\/{rel}","templated":true}]}}