{"id":1342,"date":"2026-02-19T17:49:29","date_gmt":"2026-02-19T17:49:29","guid":{"rendered":"https:\/\/udig.hr\/?page_id=1342"},"modified":"2026-02-19T18:13:49","modified_gmt":"2026-02-19T18:13:49","slug":"izborni-programi","status":"publish","type":"page","link":"https:\/\/udig.hr\/index.php\/izborni-programi\/","title":{"rendered":"Izborni programi"},"content":{"rendered":"<div  class='flex_column av-2u1xu6-52f0159e6ad7b67b3304a797262ec114 av_one_full  avia-builder-el-0  avia-builder-el-no-sibling  first flex_column_div  '     ><section  class='av_textblock_section av-mltrqbsu-bd282d874683ce7568046facb9a03eda '   itemscope=\"itemscope\" itemtype=\"https:\/\/schema.org\/CreativeWork\" ><div class='avia_textblock'  itemprop=\"text\" ><p>U Domu se provodi nekoliko izbornih programa kojima je cilj zadovoljiti u\u010deni\u010dke interese i pru\u017eiti odgojno-obrazovne sadr\u017eaje kojima se poti\u010du razli\u010dita podru\u010dja razvoja u\u010denika.<\/p>\n<p><strong>Mala tvornica kreativnosti<\/strong><\/p>\n<p><strong>Novinarska sekcija<\/strong><\/p>\n<p><strong>Nogomet<\/strong><\/p>\n<p><strong>Odbojka<\/strong><\/p>\n<p><strong>Kulturolo\u0161ka sva\u0161tara<\/strong><\/p>\n<p><strong>Stolni tenis<\/strong><\/p>\n<p>Ovisno o interesu u\u010denika, na po\u010detku \u0161kolske godine mogu\u0107e je uvesti i dodatne izborne programe poput badmintona, \u0161aha itd.<\/p>\n<\/div><\/section><\/div>\n","protected":false},"excerpt":{"rendered":"","protected":false},"author":1,"featured_media":0,"parent":0,"menu_order":0,"comment_status":"closed","ping_status":"closed","template":"","meta":{"footnotes":""},"class_list":["post-1342","page","type-page","status-publish","hentry"],"_links":{"self":[{"href":"https:\/\/udig.hr\/index.php\/wp-json\/wp\/v2\/pages\/1342","targetHints":{"allow":["GET"]}}],"collection":[{"href":"https:\/\/udig.hr\/index.php\/wp-json\/wp\/v2\/pages"}],"about":[{"href":"https:\/\/udig.hr\/index.php\/wp-json\/wp\/v2\/types\/page"}],"author":[{"embeddable":true,"href":"https:\/\/udig.hr\/index.php\/wp-json\/wp\/v2\/users\/1"}],"replies":[{"embeddable":true,"href":"https:\/\/udig.hr\/index.php\/wp-json\/wp\/v2\/comments?post=1342"}],"version-history":[{"count":4,"href":"https:\/\/udig.hr\/index.php\/wp-json\/wp\/v2\/pages\/1342\/revisions"}],"predecessor-version":[{"id":1360,"href":"https:\/\/udig.hr\/index.php\/wp-json\/wp\/v2\/pages\/1342\/revisions\/1360"}],"wp:attachment":[{"href":"https:\/\/udig.hr\/index.php\/wp-json\/wp\/v2\/media?parent=1342"}],"curies":[{"name":"wp","href":"https:\/\/api.w.org\/{rel}","templated":true}]}}