{"id":1366,"date":"2026-02-20T10:06:32","date_gmt":"2026-02-20T10:06:32","guid":{"rendered":"https:\/\/udig.hr\/?page_id=1366"},"modified":"2026-02-20T11:35:39","modified_gmt":"2026-02-20T11:35:39","slug":"sto-o-domu-kaze-vijece-roditelja","status":"publish","type":"page","link":"https:\/\/udig.hr\/index.php\/sto-o-domu-kaze-vijece-roditelja\/","title":{"rendered":"\u0160to o Domu ka\u017ee Vije\u0107e roditelja?"},"content":{"rendered":"<div  class='flex_column av-b659ly-04b8f34501be2c4d45f5c33ca754cbc2 av_one_full  avia-builder-el-0  el_before_av_hr  avia-builder-el-first  first flex_column_div  '     ><section  class='av_textblock_section av-mlurrqqy-c64eea05b2d222460f7cf727f6a7d0b1 '   itemscope=\"itemscope\" itemtype=\"https:\/\/schema.org\/CreativeWork\" ><div class='avia_textblock'  itemprop=\"text\" ><p>Na po\u010detku svake \u0161kolske godine u U\u010deni\u010dkom domu osniva se Vije\u0107e roditelja sastavljeno od predstavnika svake odgojne skupine. Vije\u0107e roditelja raspravlja o svim pitanjima bitnim za odgoj i obrazovanje u\u010denika, daje mi\u0161ljenja i prijedloge za unaprje\u0111enje rada i kvalitete \u017eivota.<\/p>\n<p>Evo \u0161to o Domu ka\u017eu \u010dlanovi VIje\u0107a roditelja:<\/p>\n<\/div><\/section><\/div>\n<div  class='hr av-yho4m-0795e2393ba8c222574b61f8d4f6de2e hr-default  avia-builder-el-2  el_after_av_one_full  el_before_av_one_full '><span class='hr-inner '><span class=\"hr-inner-style\"><\/span><\/span><\/div>\n<div  class='flex_column av-sgz7a-4fa9cfaff65c3d21a8432b555a94a12d av_one_full  avia-builder-el-3  el_after_av_hr  el_before_av_textblock  first flex_column_div  '     ><section  class='av_textblock_section av-mlurjuwn-7018ddb3a6e504454416d94a6bcfbde2 '   itemscope=\"itemscope\" itemtype=\"https:\/\/schema.org\/CreativeWork\" ><div class='avia_textblock'  itemprop=\"text\" ><p><strong>&#8220;<em>Preporu\u010dam ovaj Dom jer ima sve potrebne uvjete za siguran i ugodan boravak djece. Hrana je odli\u010dna, kreveti u sobama su udobni i u sobama je uvijek lijepo i toplo u zimskom periodu. Djelatnici Doma su jako dobri i uvijek spremni za bilo kakvu suradnju.<\/em>&#8220;<\/strong><\/p>\n<p style=\"text-align: right;\"><strong>N. P.<\/strong><\/p>\n<\/div><\/section><\/div>\n<section  class='av_textblock_section av-mlurud6g-6e706c978999a490be4ffdbc8f02264c '   itemscope=\"itemscope\" itemtype=\"https:\/\/schema.org\/CreativeWork\" ><div class='avia_textblock'  itemprop=\"text\" ><p><strong>&#8220;<em>Zadovoljni smo radom Doma. Okru\u017eenje je sigurno. Ravnatelj i odgajatelji su uvijek pristupa\u010dni i posve\u0107eni za dobrobit na\u0161e djece. Potrebe od strane u\u010denika se uva\u017eavaju. Preporu\u010dujem budu\u0107e u\u010denike u sigurne ruke na\u0161ih stru\u010dnih odgajatelja.<\/em>&#8220;<\/strong><\/p>\n<p style=\"text-align: right;\"><strong>I. T.<\/strong><\/p>\n<\/div><\/section>\n<section  class='av_textblock_section av-mlurvy68-568560e85733b1387d056f4e7f020c3a '   itemscope=\"itemscope\" itemtype=\"https:\/\/schema.org\/CreativeWork\" ><div class='avia_textblock'  itemprop=\"text\" ><p><strong>&#8220;<em>Svako dijete koje se upi\u0161e u Dom bit \u0107e sretno i zadovoljno sa velikim programom doma i djelatnicima Doma.<\/em>&#8220;<\/strong><\/p>\n<p style=\"text-align: right;\"><strong>M. P.<\/strong><\/p>\n<\/div><\/section>\n<section  class='av_textblock_section av-mluryj56-3f24628dcab4eaf24acdbdd5a4555106 '   itemscope=\"itemscope\" itemtype=\"https:\/\/schema.org\/CreativeWork\" ><div class='avia_textblock'  itemprop=\"text\" ><p><strong>&#8220;<em>Zadovoljni smo s U\u010deni\u010dkim domom. Preporu\u010damo i drugim roditeljima da upi\u0161u djecu u Dom. Odgajatelji su stru\u010dni i profesionalni, \u010disto je i uredno, hrana je dobra.<\/em>&#8220;<\/strong><\/p>\n<p style=\"text-align: right;\"><strong>D. N.<\/strong><\/p>\n<\/div><\/section>\n","protected":false},"excerpt":{"rendered":"","protected":false},"author":1,"featured_media":0,"parent":0,"menu_order":0,"comment_status":"closed","ping_status":"closed","template":"","meta":{"footnotes":""},"class_list":["post-1366","page","type-page","status-publish","hentry"],"_links":{"self":[{"href":"https:\/\/udig.hr\/index.php\/wp-json\/wp\/v2\/pages\/1366","targetHints":{"allow":["GET"]}}],"collection":[{"href":"https:\/\/udig.hr\/index.php\/wp-json\/wp\/v2\/pages"}],"about":[{"href":"https:\/\/udig.hr\/index.php\/wp-json\/wp\/v2\/types\/page"}],"author":[{"embeddable":true,"href":"https:\/\/udig.hr\/index.php\/wp-json\/wp\/v2\/users\/1"}],"replies":[{"embeddable":true,"href":"https:\/\/udig.hr\/index.php\/wp-json\/wp\/v2\/comments?post=1366"}],"version-history":[{"count":7,"href":"https:\/\/udig.hr\/index.php\/wp-json\/wp\/v2\/pages\/1366\/revisions"}],"predecessor-version":[{"id":1382,"href":"https:\/\/udig.hr\/index.php\/wp-json\/wp\/v2\/pages\/1366\/revisions\/1382"}],"wp:attachment":[{"href":"https:\/\/udig.hr\/index.php\/wp-json\/wp\/v2\/media?parent=1366"}],"curies":[{"name":"wp","href":"https:\/\/api.w.org\/{rel}","templated":true}]}}