{"id":14,"date":"2025-03-07T10:30:15","date_gmt":"2025-03-07T10:30:15","guid":{"rendered":"https:\/\/udig.hr\/?page_id=14"},"modified":"2026-02-16T20:28:10","modified_gmt":"2026-02-16T20:28:10","slug":"pocetna","status":"publish","type":"page","link":"https:\/\/udig.hr\/","title":{"rendered":"Po\u010detna"},"content":{"rendered":"\n<style type=\"text\/css\" data-created_by=\"avia_inline_auto\" id=\"style-css-av-2t8u-d3a34b9e5a55063c71bed93b65c3a828\">\n.avia-section.av-2t8u-d3a34b9e5a55063c71bed93b65c3a828 .av-extra-border-element .av-extra-border-inner{\nbackground-color:#e6ded6;\n}\n<\/style>\n<div id='av_section_1'  class='avia-section av-2t8u-d3a34b9e5a55063c71bed93b65c3a828 main_color avia-section-default avia-shadow  avia-builder-el-0  el_before_av_one_full  avia-builder-el-first  avia-bg-style-scroll av-arrow-down-section container_wrap sidebar_right'  ><div class='container av-section-cont-open' ><main  role=\"main\" itemprop=\"mainContentOfPage\"  class='template-page content  av-content-small alpha units'><div class='post-entry post-entry-type-page post-entry-14'><div class='entry-content-wrapper clearfix'>\n<section  class='av_textblock_section av-m809o4qn-38cb3caac9c64b9a6540cea0eb2a8088 '   itemscope=\"itemscope\" itemtype=\"https:\/\/schema.org\/CreativeWork\" ><div class='avia_textblock'  itemprop=\"text\" ><p><iframe loading=\"lazy\" title=\"Iframe Example\" src=\"https:\/\/virtualtours.virtualno360.hr\/F18j51Hvta\/36129286p&amp;15.67h&amp;104.29t\" width=\"1920\" height=\"600\"><\/iframe><\/p>\n<\/div><\/section>\n<\/div><\/div><\/main><!-- close content main element --><\/div><div class='av-extra-border-element border-extra-arrow-down'><div class='av-extra-border-outer'><div class='av-extra-border-inner'><\/div><\/div><\/div><\/div><div id='after_section_1'  class='main_color av_default_container_wrap container_wrap sidebar_right'  ><div class='container av-section-cont-open' ><div class='template-page content  av-content-small alpha units'><div class='post-entry post-entry-type-page post-entry-14'><div class='entry-content-wrapper clearfix'>\n<div  class='flex_column av-10pb2-0e940728db6e2e819fe7785ecddbf5f3 av_one_full  avia-builder-el-2  el_after_av_section  el_before_av_hr  avia-builder-el-first  first flex_column_div  '     ><section  class='av_textblock_section av-mlpaijxa-bac96ae6c1ddf345d9c379a4158d62b2 '   itemscope=\"itemscope\" itemtype=\"https:\/\/schema.org\/CreativeWork\" ><div class='avia_textblock'  itemprop=\"text\" ><p><strong>U\u010deni\u010dki dom<\/strong> je odgojno-obrazovna ustanova koja u\u010denicima srednjih \u0161kola pru\u017ea <strong>smje\u0161taj, prehranu i razne slobodne aktivnosti<\/strong> u sigurnom i poticajnom okru\u017eenju.<\/p>\n<p>Namijenjen je u\u010denicima koji \u017eive u udaljenim ili prometno slabije povezanim mjestima te im omogu\u0107uje da <strong>poha\u0111aju \u0161kolu prema vlastitom izboru<\/strong>, neovisno o mjestu stanovanja.<\/p>\n<p>U\u010deni\u010dki dom nije samo mjesto za boravak \u2013 to je <strong>drugi dom<\/strong>, prostor <strong>u\u010denja, prijateljstva i osobnog rasta<\/strong>.<\/p>\n<h3>\u0160to nudimo?<\/h3>\n<p>U U\u010deni\u010dkom domu Ivani\u0107-Grad pru\u017eamo u\u010denicima <strong>siguran, ugodan i poticajan drugi dom<\/strong>. Na\u0161im u\u010denicima omogu\u0107ujemo bogat i sadr\u017eajan \u017eivot ispunjen razli\u010ditim aktivnostima:<\/p>\n<ul>\n<li><strong>Smje\u0161taj i prehranu<\/strong> u ugodnom i sigurnom okru\u017eenju<\/li>\n<li><strong>Kulturne i kreativne aktivnosti<\/strong> \u2013 radionice, kazali\u0161ta, muzeje i dru\u017eenja<\/li>\n<li><strong>Sportske aktivnosti<\/strong> \u2013 teretanu, zabavu kroz sport, utakmice i natjecanja<\/li>\n<li><strong>Preventivne i odgojne aktivnosti<\/strong> \u2013 podr\u0161ku u osobnom razvoju, u\u010denju i me\u0111usobnim odnosima<\/li>\n<\/ul>\n<h3><\/h3>\n<h3>\u0160to nam je posebno va\u017eno?<\/h3>\n<ul>\n<li>Da se <strong>svaki u\u010denik osje\u0107a prihva\u0107eno, sigurno i vrijedno<\/strong><\/li>\n<li>Da poti\u010demo <strong>zajedni\u0161tvo, suradnju i me\u0111usobno po\u0161tovanje<\/strong><\/li>\n<li>Da stvaramo <strong>pozitivnu atmosferu<\/strong> u kojoj u\u010denici cjelovito rastu, u\u010de i razvijaju se<\/li>\n<\/ul>\n<\/div><\/section><\/div>\n<div  class='hr av-av_hr-91d7ccd583a503147498e120fee2ff9b hr-default  avia-builder-el-4  el_after_av_one_full  el_before_av_heading '><span class='hr-inner '><span class=\"hr-inner-style\"><\/span><\/span><\/div>\n\n<style type=\"text\/css\" data-created_by=\"avia_inline_auto\" id=\"style-css-av-m80eyh9x-18a6db30ca826d5877b755c1981cd061\">\n#top .av-special-heading.av-m80eyh9x-18a6db30ca826d5877b755c1981cd061{\nmargin:0 0 0 0;\npadding-bottom:0;\ncolor:#01144a;\n}\nbody .av-special-heading.av-m80eyh9x-18a6db30ca826d5877b755c1981cd061 .av-special-heading-tag .heading-char{\nfont-size:25px;\n}\n#top #wrap_all .av-special-heading.av-m80eyh9x-18a6db30ca826d5877b755c1981cd061 .av-special-heading-tag{\npadding:0 0 0 0;\n}\n.av-special-heading.av-m80eyh9x-18a6db30ca826d5877b755c1981cd061 .special-heading-inner-border{\nborder-color:#01144a;\n}\n.av-special-heading.av-m80eyh9x-18a6db30ca826d5877b755c1981cd061 .av-subheading{\nfont-size:15px;\n}\n<\/style>\n<div  class='av-special-heading av-m80eyh9x-18a6db30ca826d5877b755c1981cd061 av-special-heading-h3 custom-color-heading  avia-builder-el-5  el_after_av_hr  el_before_av_postslider '><h3 class='av-special-heading-tag'  itemprop=\"headline\"  >Novosti u domu<\/h3><div class=\"special-heading-border\"><div class=\"special-heading-inner-border\"><\/div><\/div><\/div>\n<div  data-slideshow-options=\"{&quot;animation&quot;:&quot;fade&quot;,&quot;autoplay&quot;:false,&quot;loop_autoplay&quot;:&quot;once&quot;,&quot;interval&quot;:&quot;5&quot;,&quot;loop_manual&quot;:&quot;manual-endless&quot;,&quot;autoplay_stopper&quot;:false,&quot;noNavigation&quot;:false,&quot;show_slide_delay&quot;:90}\" class='avia-content-slider avia-content-slider-active avia-content-slider1 avia-content-slider-even  avia-builder-el-6  el_after_av_heading  avia-builder-el-last  av-slideshow-ui av-control-minimal av-control-minimal-dark av-nav-arrows-visible  av-slideshow-manual av-loop-once av-loop-manual-endless '  itemscope=\"itemscope\" itemtype=\"https:\/\/schema.org\/Blog\" ><div class=\"avia-content-slider-inner\"><div class=\"slide-entry-wrap\"><article class='slide-entry flex_column  post-entry post-entry-1447 slide-entry-overview slide-loop-1 slide-parity-odd  av_one_fourth first real-thumbnail posttype-post post-format-standard'  itemscope=\"itemscope\" itemtype=\"https:\/\/schema.org\/CreativeWork\" ><a href='https:\/\/udig.hr\/index.php\/2026\/03\/20\/festival-svjetla\/' data-rel='slide-1' class='slide-image' title='FESTIVAL SVJETLA'><img decoding=\"async\" width=\"495\" height=\"400\" src=\"https:\/\/udig.hr\/wp-content\/uploads\/2026\/03\/PHOTO-2026-03-19-20-03-19-495x400.jpg\" class=\"wp-image-1448 avia-img-lazy-loading-not-1448 attachment-portfolio size-portfolio wp-post-image\" alt=\"\" \/><\/a><div class=\"slide-content\"><header class=\"entry-content-header\"><h3 class='slide-entry-title entry-title '  itemprop=\"headline\" ><a href='https:\/\/udig.hr\/index.php\/2026\/03\/20\/festival-svjetla\/' title='FESTIVAL SVJETLA'>FESTIVAL SVJETLA<\/a><\/h3><span class=\"av-vertical-delimiter\"><\/span><\/header><div class=\"slide-meta\"><time class='slide-meta-time updated'  itemprop=\"datePublished\" datetime=\"2026-03-20T19:07:22+00:00\" >20 o\u017eujka, 2026<\/time><\/div><div class='slide-entry-excerpt entry-content'  itemprop=\"text\" ><div class=\"read-more-link\"><a href=\"https:\/\/udig.hr\/index.php\/2026\/03\/20\/festival-svjetla\/\" class=\"more-link\">\u010citaj vi\u0161e<span class=\"more-link-arrow\"><\/span><\/a><\/div><\/div><\/div><footer class=\"entry-footer\"><\/footer><span class='hidden'>\n\t\t\t\t<span class='av-structured-data'  itemprop=\"image\" itemscope=\"itemscope\" itemtype=\"https:\/\/schema.org\/ImageObject\" >\n\t\t\t\t\t\t<span itemprop='url'>https:\/\/udig.hr\/wp-content\/uploads\/2026\/03\/PHOTO-2026-03-19-20-03-19.jpg<\/span>\n\t\t\t\t\t\t<span itemprop='height'>480<\/span>\n\t\t\t\t\t\t<span itemprop='width'>640<\/span>\n\t\t\t\t<\/span>\n\t\t\t\t<span class='av-structured-data'  itemprop=\"publisher\" itemtype=\"https:\/\/schema.org\/Organization\" itemscope=\"itemscope\" >\n\t\t\t\t\t\t<span itemprop='name'>admin<\/span>\n\t\t\t\t\t\t<span itemprop='logo' itemscope itemtype='https:\/\/schema.org\/ImageObject'>\n\t\t\t\t\t\t\t<span itemprop='url'>https:\/\/udig.hr\/wp-content\/uploads\/2025\/03\/udig.png<\/span>\n\t\t\t\t\t\t<\/span>\n\t\t\t\t<\/span><span class='av-structured-data'  itemprop=\"author\" itemscope=\"itemscope\" itemtype=\"https:\/\/schema.org\/Person\" ><span itemprop='name'>admin<\/span><\/span><span class='av-structured-data'  itemprop=\"datePublished\" datetime=\"2025-03-07T10:30:15+00:00\" >2026-03-20 19:07:22<\/span><span class='av-structured-data'  itemprop=\"dateModified\" itemtype=\"https:\/\/schema.org\/dateModified\" >2026-03-20 19:07:22<\/span><span class='av-structured-data'  itemprop=\"mainEntityOfPage\" itemtype=\"https:\/\/schema.org\/mainEntityOfPage\" ><span itemprop='name'>FESTIVAL SVJETLA<\/span><\/span><\/span><\/article><article class='slide-entry flex_column  post-entry post-entry-1440 slide-entry-overview slide-loop-2 slide-parity-even  av_one_fourth  real-thumbnail posttype-post post-format-standard'  itemscope=\"itemscope\" itemtype=\"https:\/\/schema.org\/CreativeWork\" ><a href='https:\/\/udig.hr\/index.php\/2026\/03\/18\/dan-doma\/' data-rel='slide-1' class='slide-image' title='DAN DOMA'><img decoding=\"async\" width=\"495\" height=\"400\" src=\"https:\/\/udig.hr\/wp-content\/uploads\/2026\/03\/DSC_0026-495x400.jpg\" class=\"wp-image-1441 avia-img-lazy-loading-not-1441 attachment-portfolio size-portfolio wp-post-image\" alt=\"\" \/><\/a><div class=\"slide-content\"><header class=\"entry-content-header\"><h3 class='slide-entry-title entry-title '  itemprop=\"headline\" ><a href='https:\/\/udig.hr\/index.php\/2026\/03\/18\/dan-doma\/' title='DAN DOMA'>DAN DOMA<\/a><\/h3><span class=\"av-vertical-delimiter\"><\/span><\/header><div class=\"slide-meta\"><time class='slide-meta-time updated'  itemprop=\"datePublished\" datetime=\"2026-03-18T16:06:02+00:00\" >18 o\u017eujka, 2026<\/time><\/div><div class='slide-entry-excerpt entry-content'  itemprop=\"text\" ><div class=\"read-more-link\"><a href=\"https:\/\/udig.hr\/index.php\/2026\/03\/18\/dan-doma\/\" class=\"more-link\">\u010citaj vi\u0161e<span class=\"more-link-arrow\"><\/span><\/a><\/div><\/div><\/div><footer class=\"entry-footer\"><\/footer><span class='hidden'>\n\t\t\t\t<span class='av-structured-data'  itemprop=\"image\" itemscope=\"itemscope\" itemtype=\"https:\/\/schema.org\/ImageObject\" >\n\t\t\t\t\t\t<span itemprop='url'>https:\/\/udig.hr\/wp-content\/uploads\/2026\/03\/DSC_0026.jpg<\/span>\n\t\t\t\t\t\t<span itemprop='height'>427<\/span>\n\t\t\t\t\t\t<span itemprop='width'>640<\/span>\n\t\t\t\t<\/span>\n\t\t\t\t<span class='av-structured-data'  itemprop=\"publisher\" itemtype=\"https:\/\/schema.org\/Organization\" itemscope=\"itemscope\" >\n\t\t\t\t\t\t<span itemprop='name'>admin<\/span>\n\t\t\t\t\t\t<span itemprop='logo' itemscope itemtype='https:\/\/schema.org\/ImageObject'>\n\t\t\t\t\t\t\t<span itemprop='url'>https:\/\/udig.hr\/wp-content\/uploads\/2025\/03\/udig.png<\/span>\n\t\t\t\t\t\t<\/span>\n\t\t\t\t<\/span><span class='av-structured-data'  itemprop=\"author\" itemscope=\"itemscope\" itemtype=\"https:\/\/schema.org\/Person\" ><span itemprop='name'>admin<\/span><\/span><span class='av-structured-data'  itemprop=\"datePublished\" datetime=\"2025-03-07T10:30:15+00:00\" >2026-03-18 16:06:02<\/span><span class='av-structured-data'  itemprop=\"dateModified\" itemtype=\"https:\/\/schema.org\/dateModified\" >2026-03-18 16:11:06<\/span><span class='av-structured-data'  itemprop=\"mainEntityOfPage\" itemtype=\"https:\/\/schema.org\/mainEntityOfPage\" ><span itemprop='name'>DAN DOMA<\/span><\/span><\/span><\/article><article class='slide-entry flex_column  post-entry post-entry-1419 slide-entry-overview slide-loop-3 slide-parity-odd  av_one_fourth  real-thumbnail posttype-post post-format-standard'  itemscope=\"itemscope\" itemtype=\"https:\/\/schema.org\/CreativeWork\" ><a href='https:\/\/udig.hr\/index.php\/2026\/03\/13\/uspjeh-nasih-ucenica-i-ucenika-na-drzavnom-prvenstvu-u-rukometa-za-srednje-skole\/' data-rel='slide-1' class='slide-image' title='USPJEH NA\u0160IH U\u010cENICA I U\u010cENIKA NA DR\u017dAVNOM PRVENSTVU U RUKOMETA ZA SREDNJE \u0160KOLE'><img decoding=\"async\" width=\"495\" height=\"400\" src=\"https:\/\/udig.hr\/wp-content\/uploads\/2026\/03\/Blue-Collage-Scuba-Diving-Promotion-Facebook-Post-495x400.png\" class=\"wp-image-1431 avia-img-lazy-loading-not-1431 attachment-portfolio size-portfolio wp-post-image\" alt=\"\" srcset=\"https:\/\/udig.hr\/wp-content\/uploads\/2026\/03\/Blue-Collage-Scuba-Diving-Promotion-Facebook-Post-495x400.png 495w, https:\/\/udig.hr\/wp-content\/uploads\/2026\/03\/Blue-Collage-Scuba-Diving-Promotion-Facebook-Post-845x684.png 845w\" sizes=\"(max-width: 495px) 100vw, 495px\" \/><\/a><div class=\"slide-content\"><header class=\"entry-content-header\"><h3 class='slide-entry-title entry-title '  itemprop=\"headline\" ><a href='https:\/\/udig.hr\/index.php\/2026\/03\/13\/uspjeh-nasih-ucenica-i-ucenika-na-drzavnom-prvenstvu-u-rukometa-za-srednje-skole\/' title='USPJEH NA\u0160IH U\u010cENICA I U\u010cENIKA NA DR\u017dAVNOM PRVENSTVU U RUKOMETA ZA SREDNJE \u0160KOLE'>USPJEH NA\u0160IH U\u010cENICA I U\u010cENIKA NA DR\u017dAVNOM PRVENSTVU U RUKOMETA ZA SREDNJE \u0160KOLE<\/a><\/h3><span class=\"av-vertical-delimiter\"><\/span><\/header><div class=\"slide-meta\"><time class='slide-meta-time updated'  itemprop=\"datePublished\" datetime=\"2026-03-13T17:38:22+00:00\" >13 o\u017eujka, 2026<\/time><\/div><div class='slide-entry-excerpt entry-content'  itemprop=\"text\" ><div class=\"read-more-link\"><a href=\"https:\/\/udig.hr\/index.php\/2026\/03\/13\/uspjeh-nasih-ucenica-i-ucenika-na-drzavnom-prvenstvu-u-rukometa-za-srednje-skole\/\" class=\"more-link\">\u010citaj vi\u0161e<span class=\"more-link-arrow\"><\/span><\/a><\/div><\/div><\/div><footer class=\"entry-footer\"><\/footer><span class='hidden'>\n\t\t\t\t<span class='av-structured-data'  itemprop=\"image\" itemscope=\"itemscope\" itemtype=\"https:\/\/schema.org\/ImageObject\" >\n\t\t\t\t\t\t<span itemprop='url'>https:\/\/udig.hr\/wp-content\/uploads\/2026\/03\/Blue-Collage-Scuba-Diving-Promotion-Facebook-Post.png<\/span>\n\t\t\t\t\t\t<span itemprop='height'>788<\/span>\n\t\t\t\t\t\t<span itemprop='width'>940<\/span>\n\t\t\t\t<\/span>\n\t\t\t\t<span class='av-structured-data'  itemprop=\"publisher\" itemtype=\"https:\/\/schema.org\/Organization\" itemscope=\"itemscope\" >\n\t\t\t\t\t\t<span itemprop='name'>admin<\/span>\n\t\t\t\t\t\t<span itemprop='logo' itemscope itemtype='https:\/\/schema.org\/ImageObject'>\n\t\t\t\t\t\t\t<span itemprop='url'>https:\/\/udig.hr\/wp-content\/uploads\/2025\/03\/udig.png<\/span>\n\t\t\t\t\t\t<\/span>\n\t\t\t\t<\/span><span class='av-structured-data'  itemprop=\"author\" itemscope=\"itemscope\" itemtype=\"https:\/\/schema.org\/Person\" ><span itemprop='name'>admin<\/span><\/span><span class='av-structured-data'  itemprop=\"datePublished\" datetime=\"2025-03-07T10:30:15+00:00\" >2026-03-13 17:38:22<\/span><span class='av-structured-data'  itemprop=\"dateModified\" itemtype=\"https:\/\/schema.org\/dateModified\" >2026-03-14 12:15:31<\/span><span class='av-structured-data'  itemprop=\"mainEntityOfPage\" itemtype=\"https:\/\/schema.org\/mainEntityOfPage\" ><span itemprop='name'>USPJEH NA\u0160IH U\u010cENICA I U\u010cENIKA NA DR\u017dAVNOM PRVENSTVU U RUKOMETA ZA SREDNJE \u0160KOLE<\/span><\/span><\/span><\/article><article class='slide-entry flex_column  post-entry post-entry-1400 slide-entry-overview slide-loop-4 slide-parity-even  av_one_fourth  real-thumbnail posttype-post post-format-standard'  itemscope=\"itemscope\" itemtype=\"https:\/\/schema.org\/CreativeWork\" ><a href='https:\/\/udig.hr\/index.php\/2026\/02\/27\/prijateljska-utakmica-2\/' data-rel='slide-1' class='slide-image' title='PRIJATELJSKA UTAKMICA'><img decoding=\"async\" width=\"495\" height=\"400\" src=\"https:\/\/udig.hr\/wp-content\/uploads\/2026\/02\/7da3edf9-deaa-446a-a956-2c71ad9b39c8-495x400.jpg\" class=\"wp-image-1398 avia-img-lazy-loading-not-1398 attachment-portfolio size-portfolio wp-post-image\" alt=\"\" \/><\/a><div class=\"slide-content\"><header class=\"entry-content-header\"><h3 class='slide-entry-title entry-title '  itemprop=\"headline\" ><a href='https:\/\/udig.hr\/index.php\/2026\/02\/27\/prijateljska-utakmica-2\/' title='PRIJATELJSKA UTAKMICA'>PRIJATELJSKA UTAKMICA<\/a><\/h3><span class=\"av-vertical-delimiter\"><\/span><\/header><div class=\"slide-meta\"><time class='slide-meta-time updated'  itemprop=\"datePublished\" datetime=\"2026-02-27T10:05:10+00:00\" >27 velja\u010de, 2026<\/time><\/div><div class='slide-entry-excerpt entry-content'  itemprop=\"text\" ><div class=\"read-more-link\"><a href=\"https:\/\/udig.hr\/index.php\/2026\/02\/27\/prijateljska-utakmica-2\/\" class=\"more-link\">\u010citaj vi\u0161e<span class=\"more-link-arrow\"><\/span><\/a><\/div><\/div><\/div><footer class=\"entry-footer\"><\/footer><span class='hidden'>\n\t\t\t\t<span class='av-structured-data'  itemprop=\"image\" itemscope=\"itemscope\" itemtype=\"https:\/\/schema.org\/ImageObject\" >\n\t\t\t\t\t\t<span itemprop='url'>https:\/\/udig.hr\/wp-content\/uploads\/2026\/02\/7da3edf9-deaa-446a-a956-2c71ad9b39c8.jpg<\/span>\n\t\t\t\t\t\t<span itemprop='height'>480<\/span>\n\t\t\t\t\t\t<span itemprop='width'>640<\/span>\n\t\t\t\t<\/span>\n\t\t\t\t<span class='av-structured-data'  itemprop=\"publisher\" itemtype=\"https:\/\/schema.org\/Organization\" itemscope=\"itemscope\" >\n\t\t\t\t\t\t<span itemprop='name'>admin<\/span>\n\t\t\t\t\t\t<span itemprop='logo' itemscope itemtype='https:\/\/schema.org\/ImageObject'>\n\t\t\t\t\t\t\t<span itemprop='url'>https:\/\/udig.hr\/wp-content\/uploads\/2025\/03\/udig.png<\/span>\n\t\t\t\t\t\t<\/span>\n\t\t\t\t<\/span><span class='av-structured-data'  itemprop=\"author\" itemscope=\"itemscope\" itemtype=\"https:\/\/schema.org\/Person\" ><span itemprop='name'>admin<\/span><\/span><span class='av-structured-data'  itemprop=\"datePublished\" datetime=\"2025-03-07T10:30:15+00:00\" >2026-02-27 10:05:10<\/span><span class='av-structured-data'  itemprop=\"dateModified\" itemtype=\"https:\/\/schema.org\/dateModified\" >2026-02-27 10:05:10<\/span><span class='av-structured-data'  itemprop=\"mainEntityOfPage\" itemtype=\"https:\/\/schema.org\/mainEntityOfPage\" ><span itemprop='name'>PRIJATELJSKA UTAKMICA<\/span><\/span><\/span><\/article><\/div><div class=\"slide-entry-wrap\"><article class='slide-entry flex_column  post-entry post-entry-1394 slide-entry-overview slide-loop-5 slide-parity-odd  av_one_fourth first real-thumbnail posttype-post post-format-standard'  itemscope=\"itemscope\" itemtype=\"https:\/\/schema.org\/CreativeWork\" ><a href='https:\/\/udig.hr\/index.php\/2026\/02\/27\/dan-ruzicastih-majica-2\/' data-rel='slide-1' class='slide-image' title='DAN RU\u017dI\u010cASTIH MAJICA'><img decoding=\"async\" width=\"495\" height=\"352\" src=\"https:\/\/udig.hr\/wp-content\/uploads\/2026\/02\/IMG_6453-495x352.jpeg\" class=\"wp-image-1395 avia-img-lazy-loading-not-1395 attachment-portfolio size-portfolio wp-post-image\" alt=\"\" srcset=\"https:\/\/udig.hr\/wp-content\/uploads\/2026\/02\/IMG_6453-495x352.jpeg 495w, https:\/\/udig.hr\/wp-content\/uploads\/2026\/02\/IMG_6453-260x185.jpeg 260w\" sizes=\"(max-width: 495px) 100vw, 495px\" \/><\/a><div class=\"slide-content\"><header class=\"entry-content-header\"><h3 class='slide-entry-title entry-title '  itemprop=\"headline\" ><a href='https:\/\/udig.hr\/index.php\/2026\/02\/27\/dan-ruzicastih-majica-2\/' title='DAN RU\u017dI\u010cASTIH MAJICA'>DAN RU\u017dI\u010cASTIH MAJICA<\/a><\/h3><span class=\"av-vertical-delimiter\"><\/span><\/header><div class=\"slide-meta\"><time class='slide-meta-time updated'  itemprop=\"datePublished\" datetime=\"2026-02-27T09:57:28+00:00\" >27 velja\u010de, 2026<\/time><\/div><div class='slide-entry-excerpt entry-content'  itemprop=\"text\" ><div class=\"read-more-link\"><a href=\"https:\/\/udig.hr\/index.php\/2026\/02\/27\/dan-ruzicastih-majica-2\/\" class=\"more-link\">\u010citaj vi\u0161e<span class=\"more-link-arrow\"><\/span><\/a><\/div><\/div><\/div><footer class=\"entry-footer\"><\/footer><span class='hidden'>\n\t\t\t\t<span class='av-structured-data'  itemprop=\"image\" itemscope=\"itemscope\" itemtype=\"https:\/\/schema.org\/ImageObject\" >\n\t\t\t\t\t\t<span itemprop='url'>https:\/\/udig.hr\/wp-content\/uploads\/2026\/02\/IMG_6453.jpeg<\/span>\n\t\t\t\t\t\t<span itemprop='height'>352<\/span>\n\t\t\t\t\t\t<span itemprop='width'>640<\/span>\n\t\t\t\t<\/span>\n\t\t\t\t<span class='av-structured-data'  itemprop=\"publisher\" itemtype=\"https:\/\/schema.org\/Organization\" itemscope=\"itemscope\" >\n\t\t\t\t\t\t<span itemprop='name'>admin<\/span>\n\t\t\t\t\t\t<span itemprop='logo' itemscope itemtype='https:\/\/schema.org\/ImageObject'>\n\t\t\t\t\t\t\t<span itemprop='url'>https:\/\/udig.hr\/wp-content\/uploads\/2025\/03\/udig.png<\/span>\n\t\t\t\t\t\t<\/span>\n\t\t\t\t<\/span><span class='av-structured-data'  itemprop=\"author\" itemscope=\"itemscope\" itemtype=\"https:\/\/schema.org\/Person\" ><span itemprop='name'>admin<\/span><\/span><span class='av-structured-data'  itemprop=\"datePublished\" datetime=\"2025-03-07T10:30:15+00:00\" >2026-02-27 09:57:28<\/span><span class='av-structured-data'  itemprop=\"dateModified\" itemtype=\"https:\/\/schema.org\/dateModified\" >2026-03-05 14:52:34<\/span><span class='av-structured-data'  itemprop=\"mainEntityOfPage\" itemtype=\"https:\/\/schema.org\/mainEntityOfPage\" ><span itemprop='name'>DAN RU\u017dI\u010cASTIH MAJICA<\/span><\/span><\/span><\/article><article class='slide-entry flex_column  post-entry post-entry-1282 slide-entry-overview slide-loop-6 slide-parity-even  post-entry-last  av_one_fourth  real-thumbnail posttype-post post-format-standard'  itemscope=\"itemscope\" itemtype=\"https:\/\/schema.org\/CreativeWork\" ><a href='https:\/\/udig.hr\/index.php\/2026\/02\/18\/domski-fasnik-2\/' data-rel='slide-1' class='slide-image' title='DOMSKI FA\u0160NIK'><img decoding=\"async\" width=\"495\" height=\"400\" src=\"https:\/\/udig.hr\/wp-content\/uploads\/2026\/02\/DSC_0928-495x400.jpg\" class=\"wp-image-1284 avia-img-lazy-loading-not-1284 attachment-portfolio size-portfolio wp-post-image\" alt=\"\" srcset=\"https:\/\/udig.hr\/wp-content\/uploads\/2026\/02\/DSC_0928-495x400.jpg 495w, https:\/\/udig.hr\/wp-content\/uploads\/2026\/02\/DSC_0928-845x684.jpg 845w\" sizes=\"(max-width: 495px) 100vw, 495px\" \/><\/a><div class=\"slide-content\"><header class=\"entry-content-header\"><h3 class='slide-entry-title entry-title '  itemprop=\"headline\" ><a href='https:\/\/udig.hr\/index.php\/2026\/02\/18\/domski-fasnik-2\/' title='DOMSKI FA\u0160NIK'>DOMSKI FA\u0160NIK<\/a><\/h3><span class=\"av-vertical-delimiter\"><\/span><\/header><div class=\"slide-meta\"><time class='slide-meta-time updated'  itemprop=\"datePublished\" datetime=\"2026-02-18T10:18:59+00:00\" >18 velja\u010de, 2026<\/time><\/div><div class='slide-entry-excerpt entry-content'  itemprop=\"text\" ><div class=\"read-more-link\"><a href=\"https:\/\/udig.hr\/index.php\/2026\/02\/18\/domski-fasnik-2\/\" class=\"more-link\">\u010citaj vi\u0161e<span class=\"more-link-arrow\"><\/span><\/a><\/div><\/div><\/div><footer class=\"entry-footer\"><\/footer><span class='hidden'>\n\t\t\t\t<span class='av-structured-data'  itemprop=\"image\" itemscope=\"itemscope\" itemtype=\"https:\/\/schema.org\/ImageObject\" >\n\t\t\t\t\t\t<span itemprop='url'>https:\/\/udig.hr\/wp-content\/uploads\/2026\/02\/DSC_0928-scaled.jpg<\/span>\n\t\t\t\t\t\t<span itemprop='height'>1707<\/span>\n\t\t\t\t\t\t<span itemprop='width'>2560<\/span>\n\t\t\t\t<\/span>\n\t\t\t\t<span class='av-structured-data'  itemprop=\"publisher\" itemtype=\"https:\/\/schema.org\/Organization\" itemscope=\"itemscope\" >\n\t\t\t\t\t\t<span itemprop='name'>admin<\/span>\n\t\t\t\t\t\t<span itemprop='logo' itemscope itemtype='https:\/\/schema.org\/ImageObject'>\n\t\t\t\t\t\t\t<span itemprop='url'>https:\/\/udig.hr\/wp-content\/uploads\/2025\/03\/udig.png<\/span>\n\t\t\t\t\t\t<\/span>\n\t\t\t\t<\/span><span class='av-structured-data'  itemprop=\"author\" itemscope=\"itemscope\" itemtype=\"https:\/\/schema.org\/Person\" ><span itemprop='name'>admin<\/span><\/span><span class='av-structured-data'  itemprop=\"datePublished\" datetime=\"2025-03-07T10:30:15+00:00\" >2026-02-18 10:18:59<\/span><span class='av-structured-data'  itemprop=\"dateModified\" itemtype=\"https:\/\/schema.org\/dateModified\" >2026-02-19 16:02:38<\/span><span class='av-structured-data'  itemprop=\"mainEntityOfPage\" itemtype=\"https:\/\/schema.org\/mainEntityOfPage\" ><span itemprop='name'>DOMSKI FA\u0160NIK<\/span><\/span><\/span><\/article><\/div><\/div><div class='avia-slideshow-arrows avia-slideshow-controls' ><a href='#prev' class='prev-slide ' aria-hidden='true' data-av_icon='\ue87c' data-av_iconfont='entypo-fontello'  tabindex='-1'>Prethodni<\/a><a href='#next' class='next-slide ' aria-hidden='true' data-av_icon='\ue87d' data-av_iconfont='entypo-fontello'  tabindex='-1'>Sljede\u0107i<\/a><\/div><div class='avia-slideshow-dots avia-slideshow-controls avia-post-slider fade-in'><a href='#1' class='goto-slide active' >1<\/a><a href='#2' class='goto-slide ' >2<\/a><\/div><\/div>\n","protected":false},"excerpt":{"rendered":"","protected":false},"author":1,"featured_media":0,"parent":0,"menu_order":0,"comment_status":"closed","ping_status":"closed","template":"","meta":{"footnotes":""},"class_list":["post-14","page","type-page","status-publish","hentry"],"_links":{"self":[{"href":"https:\/\/udig.hr\/index.php\/wp-json\/wp\/v2\/pages\/14","targetHints":{"allow":["GET"]}}],"collection":[{"href":"https:\/\/udig.hr\/index.php\/wp-json\/wp\/v2\/pages"}],"about":[{"href":"https:\/\/udig.hr\/index.php\/wp-json\/wp\/v2\/types\/page"}],"author":[{"embeddable":true,"href":"https:\/\/udig.hr\/index.php\/wp-json\/wp\/v2\/users\/1"}],"replies":[{"embeddable":true,"href":"https:\/\/udig.hr\/index.php\/wp-json\/wp\/v2\/comments?post=14"}],"version-history":[{"count":54,"href":"https:\/\/udig.hr\/index.php\/wp-json\/wp\/v2\/pages\/14\/revisions"}],"predecessor-version":[{"id":30,"href":"https:\/\/udig.hr\/index.php\/wp-json\/wp\/v2\/pages\/14\/revisions\/30"}],"wp:attachment":[{"href":"https:\/\/udig.hr\/index.php\/wp-json\/wp\/v2\/media?parent=14"}],"curies":[{"name":"wp","href":"https:\/\/api.w.org\/{rel}","templated":true}]}}