{"id":677,"date":"2025-06-13T08:57:17","date_gmt":"2025-06-13T08:57:17","guid":{"rendered":"https:\/\/udig.hr\/?page_id=677"},"modified":"2025-11-28T11:52:30","modified_gmt":"2025-11-28T11:52:30","slug":"natjecaji-2","status":"publish","type":"page","link":"https:\/\/udig.hr\/index.php\/natjecaji-2\/","title":{"rendered":"Natje\u010daji"},"content":{"rendered":"<p>Natje\u010daj za zasnivanje radnog odnosa OPERATIVNI DJELATNIK ZA SIGURNOST I CIVILNU ZA\u0160TITU (m\/\u017e)<\/p>\n<p><a href=\"https:\/\/udig.hr\/wp-content\/uploads\/2025\/06\/Natjecaj-cistac-spremac.pdf\"><img loading=\"lazy\" decoding=\"async\" class=\"alignnone wp-image-105\" src=\"https:\/\/udig.hr\/wp-content\/uploads\/2025\/03\/adobe-80x80.png\" alt=\"\" width=\"43\" height=\"43\" srcset=\"https:\/\/udig.hr\/wp-content\/uploads\/2025\/03\/adobe-80x80.png 80w, https:\/\/udig.hr\/wp-content\/uploads\/2025\/03\/adobe-300x300.png 300w, https:\/\/udig.hr\/wp-content\/uploads\/2025\/03\/adobe-36x36.png 36w, https:\/\/udig.hr\/wp-content\/uploads\/2025\/03\/adobe-180x180.png 180w, https:\/\/udig.hr\/wp-content\/uploads\/2025\/03\/adobe.png 360w\" sizes=\"auto, (max-width: 43px) 100vw, 43px\" \/><\/a><a href=\"https:\/\/udig.hr\/wp-content\/uploads\/2025\/09\/NATJECAJ-OPERATIVNI-DJELATNIK-ZA-SIGURNOST-I-CIVILNU-ZASTITU.pdf\">NATJE\u010cAJ- OPERATIVNI DJELATNIK ZA SIGURNOST I CIVILNU ZA\u0160TITU<\/a><\/p>\n<p>Natje\u010daj za radno mjesto \u010cISTA\u010c\/SPREMA\u010c nalazi se u prilo\u017eenom dokumentu.<\/p>\n<p><a href=\"https:\/\/udig.hr\/wp-content\/uploads\/2025\/06\/Natjecaj-cistac-spremac.pdf\"><img loading=\"lazy\" decoding=\"async\" class=\"alignnone wp-image-105\" src=\"https:\/\/udig.hr\/wp-content\/uploads\/2025\/03\/adobe-80x80.png\" alt=\"\" width=\"43\" height=\"43\" srcset=\"https:\/\/udig.hr\/wp-content\/uploads\/2025\/03\/adobe-80x80.png 80w, https:\/\/udig.hr\/wp-content\/uploads\/2025\/03\/adobe-300x300.png 300w, https:\/\/udig.hr\/wp-content\/uploads\/2025\/03\/adobe-36x36.png 36w, https:\/\/udig.hr\/wp-content\/uploads\/2025\/03\/adobe-180x180.png 180w, https:\/\/udig.hr\/wp-content\/uploads\/2025\/03\/adobe.png 360w\" sizes=\"auto, (max-width: 43px) 100vw, 43px\" \/>Natje\u010daj-\u010dista\u010d-sprema\u010d<\/a><\/p>\n<p>Obavijest o testiranju kandidata nalazi se u prilo\u017eenom dokumentu.<\/p>\n<p><a href=\"https:\/\/udig.hr\/wp-content\/uploads\/2025\/06\/Obavijest-o-testiranju-kandidata.pdf\"><img loading=\"lazy\" decoding=\"async\" class=\"alignnone wp-image-105\" src=\"https:\/\/udig.hr\/wp-content\/uploads\/2025\/03\/adobe-80x80.png\" alt=\"\" width=\"43\" height=\"43\" srcset=\"https:\/\/udig.hr\/wp-content\/uploads\/2025\/03\/adobe-80x80.png 80w, https:\/\/udig.hr\/wp-content\/uploads\/2025\/03\/adobe-300x300.png 300w, https:\/\/udig.hr\/wp-content\/uploads\/2025\/03\/adobe-36x36.png 36w, https:\/\/udig.hr\/wp-content\/uploads\/2025\/03\/adobe-180x180.png 180w, https:\/\/udig.hr\/wp-content\/uploads\/2025\/03\/adobe.png 360w\" sizes=\"auto, (max-width: 43px) 100vw, 43px\" \/>Obavijest o testiranju kandidata<\/a><\/p>\n<p>Obavijest o izboru kandidata za radno mjesto \u010cISTA\u010c\/SPREMA\u010c nalazi se u prilo\u017eenom dokumentu.<\/p>\n<p><img loading=\"lazy\" decoding=\"async\" class=\"alignnone wp-image-105\" src=\"https:\/\/udig.hr\/wp-content\/uploads\/2025\/03\/adobe-80x80.png\" alt=\"\" width=\"43\" height=\"43\" srcset=\"https:\/\/udig.hr\/wp-content\/uploads\/2025\/03\/adobe-80x80.png 80w, https:\/\/udig.hr\/wp-content\/uploads\/2025\/03\/adobe-300x300.png 300w, https:\/\/udig.hr\/wp-content\/uploads\/2025\/03\/adobe-36x36.png 36w, https:\/\/udig.hr\/wp-content\/uploads\/2025\/03\/adobe-180x180.png 180w, https:\/\/udig.hr\/wp-content\/uploads\/2025\/03\/adobe.png 360w\" sizes=\"auto, (max-width: 43px) 100vw, 43px\" \/><a href=\"https:\/\/udig.hr\/wp-content\/uploads\/2025\/07\/Obavijest-o-izboru-kandidata-docx.pdf\">Obavijest o izboru kandidata docx<\/a><\/p>\n<p><img loading=\"lazy\" decoding=\"async\" class=\"\" src=\"https:\/\/udig.hr\/wp-content\/uploads\/2025\/03\/adobe-80x80.png\" width=\"31\" height=\"31\" \/><a href=\"https:\/\/udig.hr\/wp-content\/uploads\/2025\/11\/Obavijest-o-testiranju-kandidata-docx.pdf\">Obavijest o testiranju kandidata docx<\/a><\/p>\n<p><img loading=\"lazy\" decoding=\"async\" class=\"\" src=\"https:\/\/udig.hr\/wp-content\/uploads\/2025\/03\/adobe-80x80.png\" width=\"31\" height=\"31\" \/><a href=\"https:\/\/udig.hr\/wp-content\/uploads\/2025\/11\/Obavijest-o-izboru-kandidata-operativni-djelatnik.pdf\">Obavijest o izboru kandidata-operativni djelatnik<\/a><\/p>\n","protected":false},"excerpt":{"rendered":"<p>Natje\u010daj za zasnivanje radnog odnosa OPERATIVNI DJELATNIK ZA SIGURNOST I CIVILNU ZA\u0160TITU (m\/\u017e) NATJE\u010cAJ- OPERATIVNI DJELATNIK ZA SIGURNOST I CIVILNU ZA\u0160TITU Natje\u010daj za radno mjesto \u010cISTA\u010c\/SPREMA\u010c nalazi se u prilo\u017eenom dokumentu. Natje\u010daj-\u010dista\u010d-sprema\u010d Obavijest o testiranju kandidata nalazi se u prilo\u017eenom dokumentu. Obavijest o testiranju kandidata Obavijest o izboru kandidata za radno mjesto \u010cISTA\u010c\/SPREMA\u010c nalazi se [&hellip;]<\/p>\n","protected":false},"author":1,"featured_media":0,"parent":0,"menu_order":0,"comment_status":"closed","ping_status":"closed","template":"","meta":{"footnotes":""},"class_list":["post-677","page","type-page","status-publish","hentry"],"_links":{"self":[{"href":"https:\/\/udig.hr\/index.php\/wp-json\/wp\/v2\/pages\/677","targetHints":{"allow":["GET"]}}],"collection":[{"href":"https:\/\/udig.hr\/index.php\/wp-json\/wp\/v2\/pages"}],"about":[{"href":"https:\/\/udig.hr\/index.php\/wp-json\/wp\/v2\/types\/page"}],"author":[{"embeddable":true,"href":"https:\/\/udig.hr\/index.php\/wp-json\/wp\/v2\/users\/1"}],"replies":[{"embeddable":true,"href":"https:\/\/udig.hr\/index.php\/wp-json\/wp\/v2\/comments?post=677"}],"version-history":[{"count":7,"href":"https:\/\/udig.hr\/index.php\/wp-json\/wp\/v2\/pages\/677\/revisions"}],"predecessor-version":[{"id":1102,"href":"https:\/\/udig.hr\/index.php\/wp-json\/wp\/v2\/pages\/677\/revisions\/1102"}],"wp:attachment":[{"href":"https:\/\/udig.hr\/index.php\/wp-json\/wp\/v2\/media?parent=677"}],"curies":[{"name":"wp","href":"https:\/\/api.w.org\/{rel}","templated":true}]}}