{"id":759,"date":"2025-07-28T05:54:40","date_gmt":"2025-07-28T05:54:40","guid":{"rendered":"https:\/\/udig.hr\/?page_id=759"},"modified":"2025-09-29T12:03:55","modified_gmt":"2025-09-29T12:03:55","slug":"studenti","status":"publish","type":"page","link":"https:\/\/udig.hr\/index.php\/studenti\/","title":{"rendered":"Studenti"},"content":{"rendered":"<div id='full_slider_1'  class='avia-fullwidth-slider main_color avia-shadow   avia-builder-el-0  el_before_av_textblock  avia-builder-el-first   container_wrap sidebar_right'  ><div  class='avia-slideshow av-mdmp12ky-8a3ef9f6fd85667029136fae386dc52b avia-slideshow-featured av_slideshow_full avia-slide-slider av-slideshow-ui av-control-default av-slideshow-manual av-loop-once av-loop-manual-endless av-default-height-applied   avia-slideshow-1' data-slideshow-options=\"{&quot;animation&quot;:&quot;slide&quot;,&quot;autoplay&quot;:false,&quot;loop_autoplay&quot;:&quot;once&quot;,&quot;interval&quot;:5,&quot;loop_manual&quot;:&quot;manual-endless&quot;,&quot;autoplay_stopper&quot;:false,&quot;noNavigation&quot;:false,&quot;bg_slider&quot;:false,&quot;keep_padding&quot;:false,&quot;hoverpause&quot;:false,&quot;show_slide_delay&quot;:0}\"  itemprop=\"image\" itemscope=\"itemscope\" itemtype=\"https:\/\/schema.org\/ImageObject\" ><ul class='avia-slideshow-inner ' style='padding-bottom: 28.666666666667%;'><li  class='avia-slideshow-slide av-mdmp12ky-8a3ef9f6fd85667029136fae386dc52b__0  av-single-slide slide-1 slide-odd'><div data-rel='slideshow-1' class='avia-slide-wrap '   ><img decoding=\"async\" class=\"wp-image-93 avia-img-lazy-loading-not-93\"  src=\"https:\/\/udig.hr\/wp-content\/uploads\/2025\/03\/docs-1500x430.png\" width=\"1500\" height=\"430\" title='docs' alt=''  itemprop=\"thumbnailUrl\"   \/><\/div><\/li><\/ul><\/div><\/div><div id='after_full_slider_1'  class='main_color av_default_container_wrap container_wrap sidebar_right'  ><div class='container av-section-cont-open' ><div class='template-page content  av-content-small alpha units'><div class='post-entry post-entry-type-page post-entry-759'><div class='entry-content-wrapper clearfix'>\n<section  class='av_textblock_section av-mdna97a5-6776561c40241d46d254269cd3b2b61d '   itemscope=\"itemscope\" itemtype=\"https:\/\/schema.org\/CreativeWork\" ><div class='avia_textblock'  itemprop=\"text\" ><p>Obavijest za studente:<\/p>\n<p>Za smje\u0161taj u Dom sa sobom trebate ponijeti:<\/p>\n<ul>\n<li>pribor za osobnu higijenu<\/li>\n<li>svoje ru\u010dnike<\/li>\n<li>ku\u0107ne papu\u010de koje \u0107ete nositi u svim prostorima Doma<\/li>\n<li>posteljinu nije potrebno nositi jer Dom ima svoju posteljinu<\/li>\n<\/ul>\n<div id='avia-messagebox-' class='avia_message_box av_notification av-zq2v-d89a102526992376b30d99becf300a51 avia-color-green avia-size-large avia-icon_select-yes avia-border-  avia-builder-el-2  avia-builder-el-no-sibling ' ><span class='avia_message_box_title' >Obavijest z studente smje\u0161tene u U\u010deni\u010dki dom Ivani\u0107 Grad<\/span><div class=\"avia_message_box_content\"><span class='avia_message_box_icon' aria-hidden='true' data-av_icon='\ue821' data-av_iconfont='entypo-fontello'><\/span><p>Smje\u0161taj u Dom biti \u0107e u utorak 30.9.2025. godine od 17,00 sati.<\/p>\n<\/div><\/div>\n<hr \/>\n<p>Kona\u010dna rang-lista redovitih studenata primljenih u U\u010deni\u010dki dom Ivani\u0107 Grad u akademskoj godini \u00a02025.\/26.:<\/p>\n<p><img loading=\"lazy\" decoding=\"async\" class=\"\" src=\"https:\/\/img.freepik.com\/premium-vector\/modern-flat-design-pdf-file-icon-web_599062-7115.jpg\" alt=\"Modern flat design of pdf file icon for web | Premium Vector\" width=\"33\" height=\"33\" \/><a href=\"https:\/\/udig.hr\/wp-content\/uploads\/2025\/09\/STUDENTI-KONACNA-RANG-LISTA.pdf\">STUDENTI KONA\u010cNA RANG LISTA<\/a><\/p>\n<p>Kona\u010dna rang-lista studenata koji prvi put upisuju prvu godinu studija (bruco\u0161i) i kona\u010dna rang-lista za studente prve i vi\u0161ih godina studija:<\/p>\n<p><img loading=\"lazy\" decoding=\"async\" class=\"\" src=\"https:\/\/img.freepik.com\/premium-vector\/modern-flat-design-pdf-file-icon-web_599062-7115.jpg\" alt=\"Modern flat design of pdf file icon for web | Premium Vector\" width=\"33\" height=\"33\" \/><a href=\"https:\/\/udig.hr\/wp-content\/uploads\/2025\/09\/STUDENTI-KONACNA-RANG-LISTA-.pdf\">STUDENTI &#8211; KONA\u010cNA RANG LISTA<\/a><\/p>\n<p>Privremena rang-lista studenata koji prvi put upisuju prvu godinu studija (bruco\u0161i) i privremena rang-lista za studente prve i vi\u0161ih godina studija:<\/p>\n<p><img loading=\"lazy\" decoding=\"async\" class=\"\" src=\"https:\/\/img.freepik.com\/premium-vector\/modern-flat-design-pdf-file-icon-web_599062-7115.jpg\" alt=\"Modern flat design of pdf file icon for web | Premium Vector\" width=\"33\" height=\"33\" \/><a href=\"https:\/\/udig.hr\/wp-content\/uploads\/2025\/09\/RANG-LISTE-STUDENATA-PRIVREMENA-.pdf\">RANG LISTE STUDENATA-PRIVREMENA<\/a><\/p>\n<p><strong>Natje\u010daj za upis studenata u U\u010deni\u010dki dom Ivani\u0107 Grad<\/strong><\/p>\n<div>\n<p>Raspisuje se natje\u010daj za ostvarivanje prava na smje\u0161taj studenata u U\u010deni\u010dkom domu Ivani\u0107 Grad u akademskoj godini 2025.\/2026.<\/p>\n<p>Natje\u010daj kao i sve potrebne obrasce potrebne za prijavu mo\u017eete prona\u0107i u prilogu ove objave.<\/p>\n<\/div>\n<div>\n<p>Rok za dostavu prijava je do 12. rujna 2025.g (uzima se u obzir i po\u0161ta poslana na dan 12. rujna 2025.)<\/p>\n<p>Prijave se \u0161alju HP preporu\u010deno s povratnicom na adresu:<\/p>\n<p><strong>U\u010deni\u010dki dom Ivani\u0107 Grad<\/strong><br \/>\n<strong>Ul.\u00a0Slobode 37\u00a0<\/strong><br \/>\n<strong>10310 Ivani\u0107-Grad<\/strong><\/p>\n<p><strong>Uz naznaku: \u201eNatje\u010daj za smje\u0161taj studenata u dom &#8211; bruco\u0161i\u201c ili \u201eNatje\u010daj za smje\u0161taj studenata u dom \u2013 vi\u0161e godine\u201c<\/strong><\/p>\n<p>Napomena: U\u010deni\u010dki dom ne\u0107e razmatrati zamolbe studenata koji imaju nepodmirena dugovanja, niti onih studenata kojima je u prethodnoj (prethodnim) godini raskinuo Ugovor o smje\u0161taju zbog neredovitosti pla\u0107anja smje\u0161taja ili nepo\u0161tivanja odredbi ku\u0107nog reda U\u010deni\u010dkog doma.<\/p>\n<p>Prilo\u017eeni dokumenti:<\/p>\n<p><a href=\"https:\/\/udig.hr\/wp-content\/uploads\/2025\/07\/Natjecaj-za-upis-studenata-u-Dom-2025.pdf\"><img loading=\"lazy\" decoding=\"async\" class=\"\" src=\"https:\/\/img.freepik.com\/premium-vector\/modern-flat-design-pdf-file-icon-web_599062-7115.jpg\" alt=\"Modern flat design of pdf file icon for web | Premium Vector\" width=\"30\" height=\"30\" \/>Natje\u010daj za upis studenata u Dom 2025.<\/a><\/p>\n<p><img loading=\"lazy\" decoding=\"async\" class=\"\" src=\"https:\/\/img.freepik.com\/premium-vector\/modern-flat-design-pdf-file-icon-web_599062-7115.jpg\" alt=\"Modern flat design of pdf file icon for web | Premium Vector\" width=\"33\" height=\"33\" \/><a href=\"https:\/\/udig.hr\/wp-content\/uploads\/2025\/07\/OBRAZAC_A_Studenti-2.pdf\">OBRAZAC_A_Studenti (2)<\/a><\/p>\n<p><img loading=\"lazy\" decoding=\"async\" class=\"\" src=\"https:\/\/img.freepik.com\/premium-vector\/modern-flat-design-pdf-file-icon-web_599062-7115.jpg\" alt=\"Modern flat design of pdf file icon for web | Premium Vector\" width=\"33\" height=\"33\" \/><a href=\"https:\/\/udig.hr\/wp-content\/uploads\/2025\/07\/OBRAZAC_B__Brucosi-2.pdf\">OBRAZAC_B__Brucosi (2)<\/a><\/p>\n<p><img loading=\"lazy\" decoding=\"async\" class=\"\" src=\"https:\/\/img.freepik.com\/premium-vector\/modern-flat-design-pdf-file-icon-web_599062-7115.jpg\" alt=\"Modern flat design of pdf file icon for web | Premium Vector\" width=\"33\" height=\"33\" \/><a href=\"https:\/\/udig.hr\/wp-content\/uploads\/2025\/07\/OBRAZAC_C_smjestaj_podnositelja_s_invaliditetom_.pdf\">OBRAZAC_C_smjestaj_podnositelja_s_invaliditetom_<\/a><\/p>\n<p><img loading=\"lazy\" decoding=\"async\" class=\"\" src=\"https:\/\/img.freepik.com\/premium-vector\/modern-flat-design-pdf-file-icon-web_599062-7115.jpg\" alt=\"Modern flat design of pdf file icon for web | Premium Vector\" width=\"33\" height=\"33\" \/><a href=\"https:\/\/udig.hr\/wp-content\/uploads\/2025\/07\/Privola_Ucenicki_dom.pdf\">Privola_Ucenicki_dom<\/a><\/p>\n<\/div>\n<\/div><\/section>\n","protected":false},"excerpt":{"rendered":"","protected":false},"author":1,"featured_media":0,"parent":0,"menu_order":0,"comment_status":"closed","ping_status":"closed","template":"","meta":{"footnotes":""},"class_list":["post-759","page","type-page","status-publish","hentry"],"_links":{"self":[{"href":"https:\/\/udig.hr\/index.php\/wp-json\/wp\/v2\/pages\/759","targetHints":{"allow":["GET"]}}],"collection":[{"href":"https:\/\/udig.hr\/index.php\/wp-json\/wp\/v2\/pages"}],"about":[{"href":"https:\/\/udig.hr\/index.php\/wp-json\/wp\/v2\/types\/page"}],"author":[{"embeddable":true,"href":"https:\/\/udig.hr\/index.php\/wp-json\/wp\/v2\/users\/1"}],"replies":[{"embeddable":true,"href":"https:\/\/udig.hr\/index.php\/wp-json\/wp\/v2\/comments?post=759"}],"version-history":[{"count":12,"href":"https:\/\/udig.hr\/index.php\/wp-json\/wp\/v2\/pages\/759\/revisions"}],"predecessor-version":[{"id":909,"href":"https:\/\/udig.hr\/index.php\/wp-json\/wp\/v2\/pages\/759\/revisions\/909"}],"wp:attachment":[{"href":"https:\/\/udig.hr\/index.php\/wp-json\/wp\/v2\/media?parent=759"}],"curies":[{"name":"wp","href":"https:\/\/api.w.org\/{rel}","templated":true}]}}